{"id":514,"date":"2011-02-01T17:31:22","date_gmt":"2011-02-01T17:31:22","guid":{"rendered":"http:\/\/pokdzialoszyn.pl\/?p=514"},"modified":"2019-10-01T13:20:33","modified_gmt":"2019-10-01T11:20:33","slug":"menupage","status":"publish","type":"page","link":"http:\/\/rcrkitdzialoszyn.pl\/?page_id=514","title":{"rendered":"Dzia\u0142alno\u015b\u0107"},"content":{"rendered":"<h2>Wybierz podstron\u0119:<\/h2>\n<h3><a href=\"http:\/\/pokdzialoszyn.pl\/?page_id=515\">Statut RCRKiT<\/a><\/h3>\n<h3><a href=\"http:\/\/pokdzialoszyn.pl\/?page_id=556\">Kalendarz imprez<\/a><\/h3>\n<h3><a href=\"http:\/\/pokdzialoszyn.pl\/?page_id=670\">Zaj\u0119cia sta\u0142e<\/a><\/h3>\n<h3><a href=\"http:\/\/pokdzialoszyn.pl\/?page_id=704\">Rewitalizacja<\/a><\/h3>\n<h3><a href=\"http:\/\/pokdzialoszyn.pl\/?page_id=702\">Rys historyczny<\/a><\/h3>\n<h3><a href=\"http:\/\/pokdzialoszyn.pl\/?page_id=901\">Koncerty<\/a><\/h3>\n<h3><a href=\"http:\/\/pokdzialoszyn.pl\/?page_id=2609\">Muzeum Regionalne<\/a><\/h3>\n","protected":false},"excerpt":{"rendered":"<p>Wybierz podstron\u0119: Statut RCRKiT Kalendarz imprez Zaj\u0119cia sta\u0142e Rewitalizacja Rys historyczny Koncerty Muzeum Regionalne<\/p>\n","protected":false},"author":1,"featured_media":0,"parent":0,"menu_order":0,"comment_status":"open","ping_status":"open","template":"","meta":{"ngg_post_thumbnail":0,"footnotes":""},"class_list":["post-514","page","type-page","status-publish"],"aioseo_notices":[],"_links":{"self":[{"href":"http:\/\/rcrkitdzialoszyn.pl\/index.php?rest_route=\/wp\/v2\/pages\/514","targetHints":{"allow":["GET"]}}],"collection":[{"href":"http:\/\/rcrkitdzialoszyn.pl\/index.php?rest_route=\/wp\/v2\/pages"}],"about":[{"href":"http:\/\/rcrkitdzialoszyn.pl\/index.php?rest_route=\/wp\/v2\/types\/page"}],"author":[{"embeddable":true,"href":"http:\/\/rcrkitdzialoszyn.pl\/index.php?rest_route=\/wp\/v2\/users\/1"}],"replies":[{"embeddable":true,"href":"http:\/\/rcrkitdzialoszyn.pl\/index.php?rest_route=%2Fwp%2Fv2%2Fcomments&post=514"}],"version-history":[{"count":17,"href":"http:\/\/rcrkitdzialoszyn.pl\/index.php?rest_route=\/wp\/v2\/pages\/514\/revisions"}],"predecessor-version":[{"id":5243,"href":"http:\/\/rcrkitdzialoszyn.pl\/index.php?rest_route=\/wp\/v2\/pages\/514\/revisions\/5243"}],"wp:attachment":[{"href":"http:\/\/rcrkitdzialoszyn.pl\/index.php?rest_route=%2Fwp%2Fv2%2Fmedia&parent=514"}],"curies":[{"name":"wp","href":"https:\/\/api.w.org\/{rel}","templated":true}]}}